{"id":136,"date":"2021-07-04T15:17:19","date_gmt":"2021-07-04T13:17:19","guid":{"rendered":"http:\/\/www.kravmaga-arlon.be\/?page_id=136"},"modified":"2025-08-18T11:20:19","modified_gmt":"2025-08-18T09:20:19","slug":"le-club","status":"publish","type":"page","link":"https:\/\/www.kravmaga-arlon.be\/","title":{"rendered":"Le Club"},"content":{"rendered":"\n<p>Le club Krav Maga Arlon a ouvert ses portes en 2015, fond\u00e9 par deux instructeurs, Claire et Renaud (mari et femme\u2026) Id\u00e9al pour r\u00e9gler les disputes de couple (lors d&rsquo;un entra\u00eenement) \ud83d\ude09\ud83d\udca5<\/p>\n\n\n\n<p>Le Krav Maga est une m\u00e9thode d\u2019auto-d\u00e9fense et d\u2019entra\u00eenement physique, originellement d\u00e9velopp\u00e9e par l\u2019arm\u00e9e isra\u00e9lienne, bas\u00e9e sur l\u2019utilisation de r\u00e9flexes pour r\u00e9pondre \u00e0 des situations mena\u00e7antes. Krav Maga signifie en H\u00e9breu : \u00ab combat rapproch\u00e9 \u00bb.<\/p>\n\n\n\n<h2 class=\"wp-block-heading has-text-align-center\" id=\"c-est-quand\">C&rsquo;est quand ?<\/h2>\n\n\n\n<p class=\"has-text-align-center\">Les <span class=\"has-inline-color has-dark-yellow-color\"><strong>Mardi<\/strong><\/span> de 20h15 \u00e0 22h<br>Les <span class=\"has-inline-color has-dark-yellow-color\"><strong>Jeudi<\/strong><\/span> de 20h15 \u00e0 22h<br><\/p>\n\n\n\n<h2 class=\"wp-block-heading has-text-align-center\" id=\"c-est-combien\">C&rsquo;est combien ?<\/h2>\n\n\n\n<p class=\"has-text-align-center\">Tout d&rsquo;abord, une assurance annuelle, celle-ci est obligatoire : <mark style=\"background-color:rgba(0, 0, 0, 0)\" class=\"has-inline-color has-dark-yellow-color\"><strong>30\u20ac<\/strong><\/mark> par an.<br>Et ensuite, une cotisation mensuelle de <mark style=\"background-color:rgba(0, 0, 0, 0)\" class=\"has-inline-color has-dark-yellow-color\"><strong>30\u20ac<\/strong><\/mark> par mois.<\/p>\n\n\n\n<p class=\"has-text-align-center\"><strong><span class=\"has-inline-color has-dark-yellow-color\">L&rsquo;inscription est possible tout au long de l&rsquo;ann\u00e9e<\/span><\/strong><\/p>\n\n\n\n<p>Lors de votre inscription, vous devrez vous acquitter de la somme de: <strong><mark style=\"background-color:rgba(0, 0, 0, 0)\" class=\"has-inline-color has-dark-yellow-color\">30\u20ac<\/mark><\/strong> d&rsquo;assurance + <mark style=\"background-color:rgba(0, 0, 0, 0)\" class=\"has-inline-color has-dark-yellow-color\"><strong>30\u20ac<\/strong><\/mark> de cotisation pour le mois en cours, soit <strong><mark style=\"background-color:rgba(0, 0, 0, 0)\" class=\"has-inline-color has-dark-yellow-color\">60\u20ac<\/mark><\/strong><\/p>\n\n\n\n<p>Il vous est \u00e9galement de possible d&rsquo;effectuer un paiement de <strong><mark style=\"background-color:rgba(0, 0, 0, 0)\" class=\"has-inline-color has-dark-yellow-color\">250\u20ac<\/mark><\/strong> pour l&rsquo;ann\u00e9e \u00e0 partir de la date d&rsquo;inscription. Ce tarif comprenant la cotisation annuelle ainsi que l&rsquo;assurance annuelle obligatoire.<\/p>\n\n\n\n<p class=\"has-text-align-left\">Les cotisations mensuelles sont \u00e0 payer en d\u00e9but de mois <strong>syst\u00e9matiquement<\/strong>, en esp\u00e8ce ou par virement sur le compte du club (BE24 0636 0479 5338).<\/p>\n\n\n\n<p class=\"has-text-align-center has-red-color has-text-color has-link-color wp-elements-6701af76d72e7c36ee1f176ae7e19a21\">Pas de cotisation = pas d\u2019entra\u00eenement<strong><mark style=\"background-color:rgba(0, 0, 0, 0);color:#a30400\" class=\"has-inline-color\">!<\/mark><\/strong><br><\/p>\n\n\n\n<h2 class=\"wp-block-heading has-text-align-center\" id=\"c-est-ou\">C&rsquo;est o\u00f9 ?<\/h2>\n\n\n\n<p class=\"has-text-align-center\">Les entra\u00eenements se d\u00e9roulent \u00e0 l&rsquo;ITELA:<strong> Chemin de Weyler 2<\/strong> \u00e0 Arlon.<\/p>\n\n\n\n<p class=\"has-text-align-center\">L&rsquo;acc\u00e8s \u00e0 la salle de gymnastique se fait via le parking du centre sportif de l&rsquo;ITELA.<br>Google Maps est votre ami. (la preuve en <a href=\"https:\/\/maps.app.goo.gl\/qVx87sscfxCffAHX6\" data-type=\"link\" data-id=\"https:\/\/maps.app.goo.gl\/qVx87sscfxCffAHX6\" target=\"_blank\" rel=\"noreferrer noopener\">cliquant ici<\/a>).<\/p>\n\n\n\n<p class=\"has-text-align-center\">Utilisez les fl\u00e8ches (ou vos doigts) pour faire d\u00e9filer les photos.<\/p>\n\n\n\n\n\n\n\n<h2 class=\"wp-block-heading has-text-align-center\" id=\"de-quoi-ai-je-besoin-pour-commencer\">De quoi ai-je besoin pour commencer ?<\/h2>\n\n\n\n<p><strong>D&rsquo;avoir au minimum <span class=\"has-inline-color has-dark-yellow-color\">14 ans<\/span><\/strong> et ensuite&#8230; Le plus simple est de venir participer \u00e0 un cours d&rsquo;essai. <\/p>\n\n\n\n<p>Il vous permettra de vous faire une id\u00e9e du club, des instructeurs, d&rsquo;un entra\u00eenement, et du Krav Maga de mani\u00e8re g\u00e9n\u00e9rale.<br>Si cet essai vous a convaincu, il faudra pr\u00e9voir un minimum d&rsquo;\u00e9quipements:<\/p>\n\n\n\n<ul class=\"wp-block-list\">\n<li>Une tenue de sport<\/li>\n\n\n\n<li>Une coquille de protection, <strong><span class=\"has-inline-color has-dark-yellow-color\">obligatoire<\/span><\/strong> pour les hommes, comme pour les femmes<\/li>\n\n\n\n<li>Des prot\u00e8ges tibias (pour sport de combat)<\/li>\n\n\n\n<li>Des gants de boxe (type boxe anglaise)<\/li>\n<\/ul>\n\n\n\n<p><\/p>\n\n\n\n<p>Pr\u00e9voyez \u00e9galement un rendez-vous chez votre m\u00e9decin, nous demandons syst\u00e9matiquement une attestation m\u00e9dicale \u00e0 l&rsquo;inscription.<\/p>\n\n\n\n<p class=\"has-text-align-center\"><br>Pas d&rsquo;attestation m\u00e9dicale = pas d\u2019entra\u00eenement<\/p>\n\n\n\n<h2 class=\"wp-block-heading has-text-align-center\" id=\"comment-se-deroule-un-entrainement\">Comment se d\u00e9roule un entra\u00eenement ?<\/h2>\n\n\n\n<p>Apr\u00e8s un \u00e9chauffement de 15 \u00e0 30 minutes (cette dur\u00e9e pouvant varier selon les jours et l&rsquo;humeur des instructeurs \ud83d\ude42<br><\/p>\n\n\n\n<p>Les \u00e9l\u00e8ves sont r\u00e9partis selon leur niveau dans leur groupe respectif :<br><strong><span class=\"has-inline-color has-dark-yellow-color\">D\u00e9butant<\/span><\/strong> | <strong><span class=\"has-inline-color has-dark-yellow-color\">Interm\u00e9diaire<\/span><\/strong> | <strong><span class=\"has-inline-color has-dark-yellow-color\">Avanc\u00e9<\/span><\/strong><\/p>\n\n\n\n<p>Chaque groupe dispose d&rsquo;un programme sp\u00e9cifique contenant des techniques de self-d\u00e9fense et de combats, il arrive \u00e9galement que les \u00e9l\u00e8ves travaillent un th\u00e8me commun durant toute la dur\u00e9e du cours sans distinction de niveau.<\/p>\n\n\n\n<h2 class=\"wp-block-heading has-text-align-center\" id=\"comment-passe-t-on-d-un-niveau\">Comment passe t-on d&rsquo;un niveau ?<\/h2>\n\n\n\n<p>Le passage d&rsquo;un niveau \u00e0 l&rsquo;autre se fait \u00e0 <span class=\"has-inline-color has-dark-yellow-color\">l&rsquo;appr\u00e9ciation<\/span> des instructeurs, les crit\u00e8res principaux sont la mise en pratique du programme technique et la <span class=\"has-inline-color has-dark-yellow-color\">motivation<\/span> de l&rsquo;\u00e9l\u00e8ve, et cela de mani\u00e8re continue. Nous n&rsquo;organisons aucun passage de grade durant la saison sportive.<\/p>\n\n\n\n<p>Les \u00e9l\u00e8ves ne portent aucune distinction de groupe.<\/p>\n\n\n\n<p>Dans le m\u00eame esprit, si un \u00e9l\u00e8ve n&rsquo;est pas venu s\u2019entra\u00eener pendant longtemps, entra\u00eenant une forte baisse de niveau, il retournera dans son pr\u00e9c\u00e9dent groupe de travail<\/p>\n\n\n\n<h2 class=\"wp-block-heading has-text-align-center\" id=\"je-ne-suis-pas-tres-sportif-ve\">Je ne suis pas tr\u00e8s sportif(ve)&#8230;<\/h2>\n\n\n\n<p>Tout le monde n&rsquo;est pas athl\u00e8te de haut niveau, vous \u00eates \u00e9videmment les bienvenu(e)s quelque soit votre condition physique, qui s&rsquo;am\u00e9liorera nettement au fur et \u00e0 mesure des entra\u00eenements&#8230;<\/p>\n\n\n\n<p>Dans tous les cas, attendez-vous \u00e0 avoir des courbatures, etc&#8230; \ud83d\ude09<\/p>\n\n\n\n<h2 class=\"wp-block-heading has-text-align-center\">Faut-il participer \u00e0 tous les entrainements ?<\/h2>\n\n\n\n<p>Non, vous n&rsquo;avez pas \u00e0 venir aux deux s\u00e9ances. Mais c&rsquo;est comme apprendre une langue : plus on parle, plus on devient fluide !<\/p>\n\n\n\n<h2 class=\"wp-block-heading has-text-align-center\">A propos de mon \u00e9tat de sant\u00e9&#8230;<\/h2>\n\n\n\n<p>Vous avez un probl\u00e8me de sant\u00e9 ? Nous ne sommes pas m\u00e9decin&#8230;<br>Consultez votre m\u00e9decin. Il\/Elle vous autorisera, ou non \u00e0 participer.<\/p>\n\n\n\n<p><strong>Nous demandons syst\u00e9matiquement une attestation m\u00e9dicale au moment de l&rsquo;inscription.<\/strong><\/p>\n\n\n\n<h2 class=\"wp-block-heading has-text-align-center\" id=\"participer-a-un-cours-d-essai\">Participer \u00e0 un cours d&rsquo;essai ?<\/h2>\n\n\n\n<p class=\"has-text-align-center\"><strong><span class=\"has-inline-color has-dark-yellow-color\">Rien de plus simple!<\/span><\/strong><\/p>\n\n\n\n<p>Rendez-vous<strong><span class=\"has-inline-color has-dark-yellow-color\"> le jour d&rsquo;un entra\u00eenement<\/span><\/strong> avec une tenue de sport, il n&rsquo;y a pas <span class=\"has-inline-color has-dark-yellow-color\">d&rsquo;\u00e9quipements<\/span> particulier \u00e0 pr\u00e9voir&#8230; si vous disposez d\u00e9j\u00e0 d&rsquo;une coquille, c&rsquo;est mieux&#8230; surtout pour les hommes&#8230; qui comprendront mieux ce paragraphe une fois le cours d&rsquo;essai termin\u00e9 \ud83d\ude42<\/p>\n\n\n\n<p>Pr\u00e9voyez aussi de <strong><mark style=\"background-color:rgba(0, 0, 0, 0)\" class=\"has-inline-color has-dark-yellow-color\">l&rsquo;eau<\/mark><\/strong>&#8230; et si vous n&rsquo;avez pas fait de sport depuis longtemps: <strong><mark style=\"background-color:rgba(0, 0, 0, 0)\" class=\"has-inline-color has-dark-yellow-color\">pr\u00e9voyez beaucoup d&rsquo;eau<\/mark><\/strong> \ud83d\ude42<\/p>\n\n\n\n<h2 class=\"wp-block-heading has-text-align-center\" id=\"contact\">Documents d&rsquo;inscription<\/h2>\n\n\n\n<p>Vous souhaitez vous inscrire ? T\u00e9l\u00e9charger les documents d&rsquo;inscription<\/p>\n\n\n\n<p><a href=\"https:\/\/www.kravmaga-arlon.be\/wp-content\/uploads\/2025\/08\/inscription-KRAV-MAGA-ARLON-2025-2026.pdf\" target=\"_blank\" rel=\"noreferrer noopener\">Fiche d&rsquo;inscription<\/a><br><a href=\"https:\/\/www.kravmaga-arlon.be\/wp-content\/uploads\/2022\/09\/Attestation-medicale.pdf\" target=\"_blank\" rel=\"noreferrer noopener\">Attestation m\u00e9dicale<\/a><\/p>\n\n\n\n<h2 class=\"wp-block-heading has-text-align-center\" id=\"contact\">Contact<\/h2>\n\n\n\n<p class=\"has-text-align-center\">Des questions? N&rsquo;h\u00e9sitez pas \u00e0 nous contacter via ces diff\u00e9rents moyens :<\/p>\n\n\n\n<p class=\"has-text-align-center\"><br><a href=\"https:\/\/www.facebook.com\/profile.php?id=100063662403475\" target=\"_blank\" rel=\"noreferrer noopener\">Notre page Facebook<\/a><br><a href=\"https:\/\/www.instagram.com\/kravmagaarlon\/\" target=\"_blank\" rel=\"noreferrer noopener\">Instagram<\/a><br>T\u00e9l\u00e9phone : 0473 40 96 15<br>O\u00f9<br> <strong>Le formulaire ci-dessous :<\/strong><\/p>\n\n\n\n<p class=\"has-text-align-center has-small-font-size\">(Attention si la r\u00e9ponse \u00e0 votre question figure d\u00e9j\u00e0 sur le site, vous devrez effectuer 50 pompes d\u00e8s votre premier cours \ud83d\ude42 )<\/p>\n\n\n\n<div class=\"wp-block-contact-form-7-contact-form-selector\">\n<div class=\"wpcf7 no-js\" id=\"wpcf7-f33-o1\" lang=\"fr-BE\" dir=\"ltr\" data-wpcf7-id=\"33\">\n<div class=\"screen-reader-response\"><p role=\"status\" aria-live=\"polite\" aria-atomic=\"true\"><\/p> <ul><\/ul><\/div>\n<form action=\"\/index.php\/wp-json\/wp\/v2\/pages\/136#wpcf7-f33-o1\" method=\"post\" class=\"wpcf7-form init\" aria-label=\"Contact form\" novalidate=\"novalidate\" data-status=\"init\">\n<fieldset class=\"hidden-fields-container\"><input type=\"hidden\" name=\"_wpcf7\" value=\"33\" \/><input type=\"hidden\" name=\"_wpcf7_version\" value=\"6.1.4\" \/><input type=\"hidden\" name=\"_wpcf7_locale\" value=\"fr_BE\" \/><input type=\"hidden\" name=\"_wpcf7_unit_tag\" value=\"wpcf7-f33-o1\" \/><input type=\"hidden\" name=\"_wpcf7_container_post\" value=\"0\" \/><input type=\"hidden\" name=\"_wpcf7_posted_data_hash\" value=\"\" \/><input type=\"hidden\" name=\"_wpcf7_recaptcha_response\" value=\"\" \/>\n<\/fieldset>\n<p><label> Votre nom<br \/>\n<span class=\"wpcf7-form-control-wrap\" data-name=\"your-name\"><input size=\"40\" maxlength=\"400\" class=\"wpcf7-form-control wpcf7-text wpcf7-validates-as-required\" aria-required=\"true\" aria-invalid=\"false\" value=\"\" type=\"text\" name=\"your-name\" \/><\/span> <\/label>\n<\/p>\n<p><label> Votre e-mail<br \/>\n<span class=\"wpcf7-form-control-wrap\" data-name=\"your-email\"><input size=\"40\" maxlength=\"400\" class=\"wpcf7-form-control wpcf7-email wpcf7-validates-as-required wpcf7-text wpcf7-validates-as-email\" aria-required=\"true\" aria-invalid=\"false\" value=\"\" type=\"email\" name=\"your-email\" \/><\/span> <\/label>\n<\/p>\n<p><label> Objet<br \/>\n<span class=\"wpcf7-form-control-wrap\" data-name=\"your-subject\"><input size=\"40\" maxlength=\"400\" class=\"wpcf7-form-control wpcf7-text wpcf7-validates-as-required\" aria-required=\"true\" aria-invalid=\"false\" value=\"\" type=\"text\" name=\"your-subject\" \/><\/span> <\/label>\n<\/p>\n<p><label> Votre message<br \/>\n<span class=\"wpcf7-form-control-wrap\" data-name=\"your-message\"><textarea cols=\"40\" rows=\"10\" maxlength=\"2000\" class=\"wpcf7-form-control wpcf7-textarea\" aria-invalid=\"false\" name=\"your-message\"><\/textarea><\/span> <\/label>\n<\/p>\n<span class=\"wpcf7-form-control-wrap recaptcha\" data-name=\"recaptcha\"><span data-sitekey=\"6LeCetUSAAAAADP6K2yATw8dCkytCwUZ7fCBm1fT\" class=\"wpcf7-form-control wpcf7-recaptcha g-recaptcha\"><\/span>\r\n<noscript>\r\n\t<div class=\"grecaptcha-noscript\">\r\n\t\t<iframe loading=\"lazy\" src=\"https:\/\/www.google.com\/recaptcha\/api\/fallback?k=6LeCetUSAAAAADP6K2yATw8dCkytCwUZ7fCBm1fT\" frameborder=\"0\" scrolling=\"no\" width=\"310\" height=\"430\">\r\n\t\t<\/iframe>\r\n\t\t<textarea name=\"g-recaptcha-response\" rows=\"3\" cols=\"40\" placeholder=\"reCaptcha Response Here\">\r\n\t\t<\/textarea>\r\n\t<\/div>\r\n<\/noscript>\r\n<\/span>\n<p><input class=\"wpcf7-form-control wpcf7-submit has-spinner\" type=\"submit\" value=\"Envoyer le message\" \/>\n<\/p><div class=\"wpcf7-response-output\" aria-hidden=\"true\"><\/div>\n<\/form>\n<\/div>\n<\/div>\n\n\n\n<p><\/p>\n","protected":false},"excerpt":{"rendered":"<p>Le club Krav Maga Arlon a ouvert ses portes en 2015, fond\u00e9 par deux instructeurs, Claire et Renaud (mari et<\/p>\n<p><a href=\"https:\/\/www.kravmaga-arlon.be\/\" class=\"more-link\">Lire la suite&#8230;<span class=\"screen-reader-text\">Le Club<\/span><\/a><\/p>\n","protected":false},"author":1,"featured_media":0,"parent":0,"menu_order":0,"comment_status":"closed","ping_status":"closed","template":"full-width.php","meta":{"footnotes":""},"class_list":["post-136","page","type-page","status-publish","hentry"],"_links":{"self":[{"href":"https:\/\/www.kravmaga-arlon.be\/index.php\/wp-json\/wp\/v2\/pages\/136","targetHints":{"allow":["GET"]}}],"collection":[{"href":"https:\/\/www.kravmaga-arlon.be\/index.php\/wp-json\/wp\/v2\/pages"}],"about":[{"href":"https:\/\/www.kravmaga-arlon.be\/index.php\/wp-json\/wp\/v2\/types\/page"}],"author":[{"embeddable":true,"href":"https:\/\/www.kravmaga-arlon.be\/index.php\/wp-json\/wp\/v2\/users\/1"}],"replies":[{"embeddable":true,"href":"https:\/\/www.kravmaga-arlon.be\/index.php\/wp-json\/wp\/v2\/comments?post=136"}],"version-history":[{"count":100,"href":"https:\/\/www.kravmaga-arlon.be\/index.php\/wp-json\/wp\/v2\/pages\/136\/revisions"}],"predecessor-version":[{"id":1368,"href":"https:\/\/www.kravmaga-arlon.be\/index.php\/wp-json\/wp\/v2\/pages\/136\/revisions\/1368"}],"wp:attachment":[{"href":"https:\/\/www.kravmaga-arlon.be\/index.php\/wp-json\/wp\/v2\/media?parent=136"}],"curies":[{"name":"wp","href":"https:\/\/api.w.org\/{rel}","templated":true}]}}